{"id":5928,"date":"2024-02-26T16:10:42","date_gmt":"2024-02-26T19:10:42","guid":{"rendered":"https:\/\/novo.biovis.com.br\/?post_type=product&#038;p=5928"},"modified":"2024-02-27T16:28:58","modified_gmt":"2024-02-27T19:28:58","slug":"saboneteira-higia-branca-gel","status":"publish","type":"product","link":"https:\/\/novo.biovis.com.br\/en\/produto\/saboneteira-higia-branca-gel\/","title":{"rendered":"H\u00edgia White Color Foam Soap Dispenser"},"content":{"rendered":"<p>Dimensions: 25,0&#215;13,0x13,0cm<br \/>\nCapacity: 800ml<br \/>\nNet weight: 0,436kg<br \/>\nMaterial: PS plastic<br \/>\nEAN-13: 7898599163236<br \/>\nIncludes: plastic key, 2 screws and 2 anchors for fastening<\/p>\n<p>&nbsp;<\/p>\n<p><img fetchpriority=\"high\" decoding=\"async\" class=\"aligncenter wp-image-3576 size-full\" src=\"https:\/\/novo.biovis.com.br\/wp-content\/uploads\/2023\/04\/saboneteira-higia-medidas2.jpg\" alt=\"\" width=\"680\" height=\"264\" srcset=\"https:\/\/novo.biovis.com.br\/wp-content\/uploads\/2023\/04\/saboneteira-higia-medidas2.jpg 680w, https:\/\/novo.biovis.com.br\/wp-content\/uploads\/2023\/04\/saboneteira-higia-medidas2-300x116.jpg 300w, https:\/\/novo.biovis.com.br\/wp-content\/uploads\/2023\/04\/saboneteira-higia-medidas2-600x233.jpg 600w\" sizes=\"(max-width: 680px) 100vw, 680px\" \/><\/p>\n<p style=\"text-align: center;\">Para mais informa\u00e7\u00f5es, acesse o <a href=\"https:\/\/novo.biovis.com.br\/wp-content\/uploads\/2023\/04\/Manual-Biovis-Saboneteira-Higia-rev280423-2.pdf\" target=\"_blank\" rel=\"noopener\">Manual de Instru\u00e7\u00f5es da Saboneteira H\u00edgia<\/a><\/p>\n<p>&nbsp;<\/p>\n","protected":false},"excerpt":{"rendered":"<p>Code: 005711<\/p>\n<p>Plastic dispenser with foam soap valve. Com visor de n\u00edvel e trava de seguran\u00e7a. Pr\u00e1tico e compacto, pode ser utilizado em qualquer tipo de ambiente. Confira toda a <a href=\"https:\/\/biovis.com.br\/categoria-produto\/linha-higia\/\" target=\"_blank\" rel=\"noopener\">Linha H\u00edgia<\/a>!<\/p>\n<p>&nbsp;<\/p>\n","protected":false},"featured_media":5929,"comment_status":"closed","ping_status":"closed","template":"","meta":[],"product_cat":[93,26,45,40],"product_tag":[],"class_list":{"0":"post-5928","1":"product","2":"type-product","3":"status-publish","4":"has-post-thumbnail","6":"product_cat-linha-higia","7":"product_cat-linha-plastica","8":"product_cat-plastica-saboneteiras","9":"product_cat-saboneteiras","11":"first","12":"instock","13":"taxable","14":"shipping-taxable","15":"product-type-simple"},"_links":{"self":[{"href":"https:\/\/novo.biovis.com.br\/en\/wp-json\/wp\/v2\/product\/5928","targetHints":{"allow":["GET"]}}],"collection":[{"href":"https:\/\/novo.biovis.com.br\/en\/wp-json\/wp\/v2\/product"}],"about":[{"href":"https:\/\/novo.biovis.com.br\/en\/wp-json\/wp\/v2\/types\/product"}],"replies":[{"embeddable":true,"href":"https:\/\/novo.biovis.com.br\/en\/wp-json\/wp\/v2\/comments?post=5928"}],"wp:featuredmedia":[{"embeddable":true,"href":"https:\/\/novo.biovis.com.br\/en\/wp-json\/wp\/v2\/media\/5929"}],"wp:attachment":[{"href":"https:\/\/novo.biovis.com.br\/en\/wp-json\/wp\/v2\/media?parent=5928"}],"wp:term":[{"taxonomy":"product_cat","embeddable":true,"href":"https:\/\/novo.biovis.com.br\/en\/wp-json\/wp\/v2\/product_cat?post=5928"},{"taxonomy":"product_tag","embeddable":true,"href":"https:\/\/novo.biovis.com.br\/en\/wp-json\/wp\/v2\/product_tag?post=5928"}],"curies":[{"name":"wp","href":"https:\/\/api.w.org\/{rel}","templated":true}]}}