{"id":3671,"date":"2023-06-19T13:56:42","date_gmt":"2023-06-19T16:56:42","guid":{"rendered":"https:\/\/biovis.com.br\/?post_type=product&#038;p=3671"},"modified":"2024-02-27T16:50:00","modified_gmt":"2024-02-27T19:50:00","slug":"biotag-banheiros","status":"publish","type":"product","link":"https:\/\/novo.biovis.com.br\/en\/produto\/biotag-banheiros\/","title":{"rendered":"BIOTAG Toilet Sign Plates"},"content":{"rendered":"<p>Dimensions: 15cm diameter<br \/>\nNet weight: 0,040 to 0,090kg<br \/>\nMaterial: 430 stainless steel<br \/>\nPackeging: plastic bag with label<br \/>\nNCM: 8310.00.00<br \/>\nIncludes: double face adesive tape<\/p>\n<p><a href=\"https:\/\/novo.biovis.com.br\/wp-content\/uploads\/2023\/07\/Ficha-Tecnica-Biovis-Biotag-rev060723.pdf\" target=\"_blank\" rel=\"noopener\">Manual da Biotag<\/a><\/p>\n","protected":false},"excerpt":{"rendered":"<p>004059 (family)\/ 003771 (acessibility)\/ 003772 (woman)\/ 003773 (man)\/ 003774 (baby)\/ 003775 (unisex)<\/p>\n<p>Stainless steel plates for toilet sign. Produzidas em a\u00e7o inox, s\u00e3o resistentes e j\u00e1 vem com fita dupla face, prontas para serem instaladas. Confira outros modelos da <a href=\"https:\/\/biovis.com.br\/?s=biotag&#038;post_type=product&#038;dgwt_wcas=1\" target=\"_blank\" rel=\"noopener\">Biotag<\/a>.<\/p>\n","protected":false},"featured_media":5831,"comment_status":"closed","ping_status":"closed","template":"","meta":[],"product_cat":[253,20,28],"product_tag":[92],"class_list":{"0":"post-3671","1":"product","2":"type-product","3":"status-publish","4":"has-post-thumbnail","6":"product_cat-sinalizacao","7":"product_cat-produtos-em-aco-inox","8":"product_cat-suportes","9":"product_tag-biotag","11":"first","12":"instock","13":"taxable","14":"shipping-taxable","15":"product-type-simple"},"_links":{"self":[{"href":"https:\/\/novo.biovis.com.br\/en\/wp-json\/wp\/v2\/product\/3671","targetHints":{"allow":["GET"]}}],"collection":[{"href":"https:\/\/novo.biovis.com.br\/en\/wp-json\/wp\/v2\/product"}],"about":[{"href":"https:\/\/novo.biovis.com.br\/en\/wp-json\/wp\/v2\/types\/product"}],"replies":[{"embeddable":true,"href":"https:\/\/novo.biovis.com.br\/en\/wp-json\/wp\/v2\/comments?post=3671"}],"wp:featuredmedia":[{"embeddable":true,"href":"https:\/\/novo.biovis.com.br\/en\/wp-json\/wp\/v2\/media\/5831"}],"wp:attachment":[{"href":"https:\/\/novo.biovis.com.br\/en\/wp-json\/wp\/v2\/media?parent=3671"}],"wp:term":[{"taxonomy":"product_cat","embeddable":true,"href":"https:\/\/novo.biovis.com.br\/en\/wp-json\/wp\/v2\/product_cat?post=3671"},{"taxonomy":"product_tag","embeddable":true,"href":"https:\/\/novo.biovis.com.br\/en\/wp-json\/wp\/v2\/product_tag?post=3671"}],"curies":[{"name":"wp","href":"https:\/\/api.w.org\/{rel}","templated":true}]}}