{"id":3599,"date":"2023-05-04T15:23:52","date_gmt":"2023-05-04T18:23:52","guid":{"rendered":"https:\/\/biovis.com.br\/?post_type=product&#038;p=3599"},"modified":"2024-02-27T17:16:15","modified_gmt":"2024-02-27T20:16:15","slug":"biotag-sinalizacao","status":"publish","type":"product","link":"https:\/\/novo.biovis.com.br\/en\/produto\/biotag-sinalizacao\/","title":{"rendered":"BIOTAG Sign Plates"},"content":{"rendered":"<p>Dimensions: 15cm diameter<br \/>\nNet weight: 0,040 to 0,090kg<br \/>\nMaterial: 430 stainless steel<br \/>\nPackeging: plastic bag with label<br \/>\nNCM: 8310.00.00<br \/>\nIncludes: double face adesive tape<\/p>\n<p><a href=\"https:\/\/novo.biovis.com.br\/wp-content\/uploads\/2023\/07\/Ficha-Tecnica-Biovis-Biotag-rev060723.pdf\" target=\"_blank\" rel=\"noopener\">Manual da Biotag<\/a><\/p>\n","protected":false},"excerpt":{"rendered":"<p>005380 (&#8211;) \/ 005381 (DML) \/ 005382 (pet friendly) \/ 005379 (wifi)<\/p>\n<p>Stainless steel plates for sign. Produzidas em a\u00e7o inox, s\u00e3o resistentes e j\u00e1 vem com fita dupla face, prontas para serem instaladas. Confira outros modelos da <a href=\"https:\/\/biovis.com.br\/?s=biotag&#038;post_type=product&#038;dgwt_wcas=1\" target=\"_blank\" rel=\"noopener\">Biotag<\/a>.<\/p>\n<p>&nbsp;<\/p>\n<p>&nbsp;<\/p>\n","protected":false},"featured_media":5832,"comment_status":"closed","ping_status":"closed","template":"","meta":[],"product_cat":[254,20,28],"product_tag":[92],"class_list":{"0":"post-3599","1":"product","2":"type-product","3":"status-publish","4":"has-post-thumbnail","6":"product_cat-sinalizacao-sinalizacao","7":"product_cat-produtos-em-aco-inox","8":"product_cat-suportes","9":"product_tag-biotag","11":"first","12":"instock","13":"taxable","14":"shipping-taxable","15":"product-type-simple"},"_links":{"self":[{"href":"https:\/\/novo.biovis.com.br\/en\/wp-json\/wp\/v2\/product\/3599","targetHints":{"allow":["GET"]}}],"collection":[{"href":"https:\/\/novo.biovis.com.br\/en\/wp-json\/wp\/v2\/product"}],"about":[{"href":"https:\/\/novo.biovis.com.br\/en\/wp-json\/wp\/v2\/types\/product"}],"replies":[{"embeddable":true,"href":"https:\/\/novo.biovis.com.br\/en\/wp-json\/wp\/v2\/comments?post=3599"}],"wp:featuredmedia":[{"embeddable":true,"href":"https:\/\/novo.biovis.com.br\/en\/wp-json\/wp\/v2\/media\/5832"}],"wp:attachment":[{"href":"https:\/\/novo.biovis.com.br\/en\/wp-json\/wp\/v2\/media?parent=3599"}],"wp:term":[{"taxonomy":"product_cat","embeddable":true,"href":"https:\/\/novo.biovis.com.br\/en\/wp-json\/wp\/v2\/product_cat?post=3599"},{"taxonomy":"product_tag","embeddable":true,"href":"https:\/\/novo.biovis.com.br\/en\/wp-json\/wp\/v2\/product_tag?post=3599"}],"curies":[{"name":"wp","href":"https:\/\/api.w.org\/{rel}","templated":true}]}}