{"id":3572,"date":"2023-04-28T09:15:05","date_gmt":"2023-04-28T12:15:05","guid":{"rendered":"https:\/\/biovis.com.br\/?post_type=product&#038;p=3572"},"modified":"2024-02-26T16:03:55","modified_gmt":"2024-02-26T19:03:55","slug":"toalheiro-higia-grafite","status":"publish","type":"product","link":"https:\/\/novo.biovis.com.br\/en\/produto\/toalheiro-higia-grafite\/","title":{"rendered":"Toalheiro H\u00edgia Grafite"},"content":{"rendered":"<p>Dimens\u00f5es: 27,0&#215;27,5&#215;12,5cm<br \/>\nCapacidade: at\u00e9 500 folhas<br \/>\nSa\u00edda do papel: 17,0&#215;5,0cm<br \/>\nPeso l\u00edquido: 0,500kg<br \/>\nMat\u00e9ria-prima: pl\u00e1stico PS<br \/>\nEAN-13: 7898599162451<br \/>\nAcompanha: chave pl\u00e1stica, 2 parafusos e 2 buchas para fixa\u00e7\u00e3o<\/p>\n<p>&nbsp;<\/p>\n<p><img fetchpriority=\"high\" decoding=\"async\" class=\"wp-image-3567 size-full alignleft\" src=\"https:\/\/novo.biovis.com.br\/wp-content\/uploads\/2022\/07\/toalheiro-higia-medidas-2.jpg\" alt=\"\" width=\"790\" height=\"262\" srcset=\"https:\/\/novo.biovis.com.br\/wp-content\/uploads\/2022\/07\/toalheiro-higia-medidas-2.jpg 790w, https:\/\/novo.biovis.com.br\/wp-content\/uploads\/2022\/07\/toalheiro-higia-medidas-2-300x99.jpg 300w, https:\/\/novo.biovis.com.br\/wp-content\/uploads\/2022\/07\/toalheiro-higia-medidas-2-768x255.jpg 768w, https:\/\/novo.biovis.com.br\/wp-content\/uploads\/2022\/07\/toalheiro-higia-medidas-2-600x199.jpg 600w\" sizes=\"(max-width: 790px) 100vw, 790px\" \/><\/p>\n<p>&nbsp;<\/p>\n<p>&nbsp;<\/p>\n<p>&nbsp;<\/p>\n<p>&nbsp;<\/p>\n<p>&nbsp;<\/p>\n<p>&nbsp;<\/p>\n<p>&nbsp;<\/p>\n<p style=\"text-align: left;\">Para mais informa\u00e7\u00f5es, consulte o <a href=\"https:\/\/novo.biovis.com.br\/wp-content\/uploads\/2023\/04\/Manual-Biovis-Toalheiro-Higia-280423.pdf\" target=\"_blank\" rel=\"noopener\">Manual de Instru\u00e7\u00f5es do Toalheiro H\u00edgia<\/a><\/p>\n<p>&nbsp;<\/p>\n","protected":false},"excerpt":{"rendered":"<p>C\u00f3digo: 005116<\/p>\n<p>Dispenser pl\u00e1stico de parede para papel toalha interfolhas. Com visor de n\u00edvel e trava de seguran\u00e7a. Pr\u00e1tico e compacto, pode ser utilizado em qualquer ambiente. Confira toda a <a href=\"https:\/\/biovis.com.br\/categoria-produto\/linha-higia\/\" target=\"_blank\" rel=\"noopener\">Linha H\u00edgia<\/a>!<\/p>\n","protected":false},"featured_media":5773,"comment_status":"closed","ping_status":"closed","template":"","meta":[],"product_cat":[30,93,26,46,23],"product_tag":[],"class_list":{"0":"post-3572","1":"product","2":"type-product","3":"status-publish","4":"has-post-thumbnail","6":"product_cat-interfolha-porta-papel-higienico","7":"product_cat-linha-higia","8":"product_cat-linha-plastica","9":"product_cat-plastico-toalheiros","10":"product_cat-toalheiros","12":"first","13":"instock","14":"taxable","15":"shipping-taxable","16":"product-type-simple"},"_links":{"self":[{"href":"https:\/\/novo.biovis.com.br\/en\/wp-json\/wp\/v2\/product\/3572","targetHints":{"allow":["GET"]}}],"collection":[{"href":"https:\/\/novo.biovis.com.br\/en\/wp-json\/wp\/v2\/product"}],"about":[{"href":"https:\/\/novo.biovis.com.br\/en\/wp-json\/wp\/v2\/types\/product"}],"replies":[{"embeddable":true,"href":"https:\/\/novo.biovis.com.br\/en\/wp-json\/wp\/v2\/comments?post=3572"}],"wp:featuredmedia":[{"embeddable":true,"href":"https:\/\/novo.biovis.com.br\/en\/wp-json\/wp\/v2\/media\/5773"}],"wp:attachment":[{"href":"https:\/\/novo.biovis.com.br\/en\/wp-json\/wp\/v2\/media?parent=3572"}],"wp:term":[{"taxonomy":"product_cat","embeddable":true,"href":"https:\/\/novo.biovis.com.br\/en\/wp-json\/wp\/v2\/product_cat?post=3572"},{"taxonomy":"product_tag","embeddable":true,"href":"https:\/\/novo.biovis.com.br\/en\/wp-json\/wp\/v2\/product_tag?post=3572"}],"curies":[{"name":"wp","href":"https:\/\/api.w.org\/{rel}","templated":true}]}}