{"id":3534,"date":"2023-04-18T10:32:00","date_gmt":"2023-04-18T13:32:00","guid":{"rendered":"https:\/\/biovis.com.br\/?post_type=product&#038;p=3534"},"modified":"2024-02-26T15:37:58","modified_gmt":"2024-02-26T18:37:58","slug":"toalheiro-quadra","status":"publish","type":"product","link":"https:\/\/novo.biovis.com.br\/en\/produto\/toalheiro-quadra\/","title":{"rendered":"Toalheiro Quadra"},"content":{"rendered":"<p>Dimens\u00f5es: 28,0 x 24,0 x 11,5 cm (AxLxP)<br \/>\nPeso l\u00edquido: 1,200kg<br \/>\nMat\u00e9ria prima: A\u00e7o inox 430<br \/>\nCapacidade: at\u00e9 500 folhas (2 dobras)<br \/>\nSa\u00edda do papel: 19,5 x 5,5 cm<br \/>\nEmbalagem individual: caixa em papel microondulado<br \/>\nNCM: 7306.11.00<br \/>\nEAN-13: 7898599163151 (polido) \/ 7898599163175 (escovado)<br \/>\nAcompanha: 2 chaves, 2 parafusos e 2 buchas para instala\u00e7\u00e3o<\/p>\n<p><img fetchpriority=\"high\" decoding=\"async\" class=\"wp-image-3591 size-full aligncenter\" src=\"https:\/\/novo.biovis.com.br\/wp-content\/uploads\/2023\/04\/toalheiro-quadra-medidas3.jpg\" alt=\"\" width=\"732\" height=\"240\" srcset=\"https:\/\/novo.biovis.com.br\/wp-content\/uploads\/2023\/04\/toalheiro-quadra-medidas3.jpg 732w, https:\/\/novo.biovis.com.br\/wp-content\/uploads\/2023\/04\/toalheiro-quadra-medidas3-300x98.jpg 300w, https:\/\/novo.biovis.com.br\/wp-content\/uploads\/2023\/04\/toalheiro-quadra-medidas3-600x197.jpg 600w\" sizes=\"(max-width: 732px) 100vw, 732px\" \/><\/p>\n<p style=\"text-align: center;\">\u00a0<img decoding=\"async\" class=\"aligncenter wp-image-3661 \" src=\"https:\/\/novo.biovis.com.br\/wp-content\/uploads\/2023\/04\/acabamento-toalheiro-quadra.jpg\" alt=\"\" width=\"594\" height=\"317\" srcset=\"https:\/\/novo.biovis.com.br\/wp-content\/uploads\/2023\/04\/acabamento-toalheiro-quadra.jpg 1035w, https:\/\/novo.biovis.com.br\/wp-content\/uploads\/2023\/04\/acabamento-toalheiro-quadra-300x160.jpg 300w, https:\/\/novo.biovis.com.br\/wp-content\/uploads\/2023\/04\/acabamento-toalheiro-quadra-1024x546.jpg 1024w, https:\/\/novo.biovis.com.br\/wp-content\/uploads\/2023\/04\/acabamento-toalheiro-quadra-768x410.jpg 768w, https:\/\/novo.biovis.com.br\/wp-content\/uploads\/2023\/04\/acabamento-toalheiro-quadra-600x320.jpg 600w\" sizes=\"(max-width: 594px) 100vw, 594px\" \/><\/p>\n<p style=\"text-align: center;\">Para mais informa\u00e7\u00f5es, consulte o <a href=\"https:\/\/novo.biovis.com.br\/wp-content\/uploads\/2023\/05\/Manual-Biovis-Toalheiro-Quadra-150523.pdf\" target=\"_blank\" rel=\"noopener\">Manual de Instru\u00e7\u00f5es do Toalheiro Quadra<\/a><\/p>\n<p>&nbsp;<\/p>\n","protected":false},"excerpt":{"rendered":"<p>005470 (polido) \/ 005488 (escovado)<\/p>\n<p>Dispenser em a\u00e7o inox para papel toalha interfolhado. Possui chave\/fechadura met\u00e1lica anti-furto e visor de n\u00edvel. Compacto e resistente, o Toalheiro Quadra est\u00e1 dispon\u00edvel nas op\u00e7\u00f5es polido ou escovado. Confira tamb\u00e9m o <a href=\"https:\/\/biovis.com.br\/produto\/caicai-quadra\/\" target=\"_blank\" rel=\"noopener\">Caicai Quadra.<\/a><\/p>\n<p>&nbsp;<\/p>\n","protected":false},"featured_media":5775,"comment_status":"open","ping_status":"closed","template":"","meta":[],"product_cat":[17,30,95,20,23],"product_tag":[94],"class_list":{"0":"post-3534","1":"product","2":"type-product","3":"status-publish","4":"has-post-thumbnail","6":"product_cat-toalheiros-aco-inox","7":"product_cat-interfolha-porta-papel-higienico","8":"product_cat-linha-quadra","9":"product_cat-produtos-em-aco-inox","10":"product_cat-toalheiros","11":"product_tag-linha-quadra","13":"first","14":"instock","15":"taxable","16":"shipping-taxable","17":"product-type-simple"},"_links":{"self":[{"href":"https:\/\/novo.biovis.com.br\/en\/wp-json\/wp\/v2\/product\/3534","targetHints":{"allow":["GET"]}}],"collection":[{"href":"https:\/\/novo.biovis.com.br\/en\/wp-json\/wp\/v2\/product"}],"about":[{"href":"https:\/\/novo.biovis.com.br\/en\/wp-json\/wp\/v2\/types\/product"}],"replies":[{"embeddable":true,"href":"https:\/\/novo.biovis.com.br\/en\/wp-json\/wp\/v2\/comments?post=3534"}],"wp:featuredmedia":[{"embeddable":true,"href":"https:\/\/novo.biovis.com.br\/en\/wp-json\/wp\/v2\/media\/5775"}],"wp:attachment":[{"href":"https:\/\/novo.biovis.com.br\/en\/wp-json\/wp\/v2\/media?parent=3534"}],"wp:term":[{"taxonomy":"product_cat","embeddable":true,"href":"https:\/\/novo.biovis.com.br\/en\/wp-json\/wp\/v2\/product_cat?post=3534"},{"taxonomy":"product_tag","embeddable":true,"href":"https:\/\/novo.biovis.com.br\/en\/wp-json\/wp\/v2\/product_tag?post=3534"}],"curies":[{"name":"wp","href":"https:\/\/api.w.org\/{rel}","templated":true}]}}